{"id":967,"date":"2022-06-20T07:44:18","date_gmt":"2022-06-20T07:44:18","guid":{"rendered":"https:\/\/keskintestere.com\/composite-panel-saw-blades\/"},"modified":"2022-06-20T07:45:05","modified_gmt":"2022-06-20T07:45:05","slug":"composite-panel-saw-blades","status":"publish","type":"page","link":"https:\/\/keskintestere.com\/en\/composite-panel-saw-blades\/","title":{"rendered":"COMPOSITE PANEL SAW BLADES"},"content":{"rendered":"","protected":false},"excerpt":{"rendered":"","protected":false},"author":1,"featured_media":0,"parent":0,"menu_order":0,"comment_status":"closed","ping_status":"closed","template":"","meta":{"footnotes":""},"class_list":["post-967","page","type-page","status-publish","hentry"],"yoast_head":"<!-- This site is optimized with the Yoast SEO Premium plugin v25.2 (Yoast SEO v27.3) - https:\/\/yoast.com\/product\/yoast-seo-premium-wordpress\/ -->\n<title>COMPOSITE PANEL SAW BLADES | Keskin Testere Tak\u0131m ve End\u00fcstri B\u0131\u00e7aklar\u0131<\/title>\n<meta name=\"robots\" content=\"index, follow, max-snippet:-1, max-image-preview:large, max-video-preview:-1\" \/>\n<link rel=\"canonical\" href=\"https:\/\/keskintestere.com\/en\/composite-panel-saw-blades\/\" \/>\n<meta property=\"og:locale\" content=\"en_US\" \/>\n<meta property=\"og:type\" content=\"article\" \/>\n<meta property=\"og:title\" content=\"COMPOSITE PANEL SAW BLADES\" \/>\n<meta property=\"og:url\" content=\"https:\/\/keskintestere.com\/en\/composite-panel-saw-blades\/\" \/>\n<meta property=\"og:site_name\" content=\"Keskin Testere Tak\u0131m ve End\u00fcstri B\u0131\u00e7aklar\u0131\" \/>\n<meta property=\"article:publisher\" content=\"https:\/\/www.facebook.com\/finishtestere\/\" \/>\n<meta property=\"article:modified_time\" content=\"2022-06-20T07:45:05+00:00\" \/>\n<meta name=\"twitter:card\" content=\"summary_large_image\" \/>\n<script type=\"application\/ld+json\" class=\"yoast-schema-graph\">{\"@context\":\"https:\\\/\\\/schema.org\",\"@graph\":[{\"@type\":\"WebPage\",\"@id\":\"https:\\\/\\\/keskintestere.com\\\/en\\\/composite-panel-saw-blades\\\/\",\"url\":\"https:\\\/\\\/keskintestere.com\\\/en\\\/composite-panel-saw-blades\\\/\",\"name\":\"COMPOSITE PANEL SAW BLADES | Keskin Testere Tak\u0131m ve End\u00fcstri B\u0131\u00e7aklar\u0131\",\"isPartOf\":{\"@id\":\"https:\\\/\\\/keskintestere.com\\\/#website\"},\"datePublished\":\"2022-06-20T07:44:18+00:00\",\"dateModified\":\"2022-06-20T07:45:05+00:00\",\"breadcrumb\":{\"@id\":\"https:\\\/\\\/keskintestere.com\\\/en\\\/composite-panel-saw-blades\\\/#breadcrumb\"},\"inLanguage\":\"en-US\",\"potentialAction\":[{\"@type\":\"ReadAction\",\"target\":[\"https:\\\/\\\/keskintestere.com\\\/en\\\/composite-panel-saw-blades\\\/\"]}]},{\"@type\":\"BreadcrumbList\",\"@id\":\"https:\\\/\\\/keskintestere.com\\\/en\\\/composite-panel-saw-blades\\\/#breadcrumb\",\"itemListElement\":[{\"@type\":\"ListItem\",\"position\":1,\"name\":\"Home\",\"item\":\"https:\\\/\\\/keskintestere.com\\\/en\\\/\"},{\"@type\":\"ListItem\",\"position\":2,\"name\":\"COMPOSITE PANEL SAW BLADES\"}]},{\"@type\":\"WebSite\",\"@id\":\"https:\\\/\\\/keskintestere.com\\\/#website\",\"url\":\"https:\\\/\\\/keskintestere.com\\\/\",\"name\":\"Keskin Testere Tak\u0131m ve End\u00fcstri B\u0131\u00e7aklar\u0131\",\"description\":\"keskintestere.com\",\"publisher\":{\"@id\":\"https:\\\/\\\/keskintestere.com\\\/#organization\"},\"potentialAction\":[{\"@type\":\"SearchAction\",\"target\":{\"@type\":\"EntryPoint\",\"urlTemplate\":\"https:\\\/\\\/keskintestere.com\\\/?s={search_term_string}\"},\"query-input\":{\"@type\":\"PropertyValueSpecification\",\"valueRequired\":true,\"valueName\":\"search_term_string\"}}],\"inLanguage\":\"en-US\"},{\"@type\":\"Organization\",\"@id\":\"https:\\\/\\\/keskintestere.com\\\/#organization\",\"name\":\"Keskin Testere\",\"url\":\"https:\\\/\\\/keskintestere.com\\\/\",\"logo\":{\"@type\":\"ImageObject\",\"inLanguage\":\"en-US\",\"@id\":\"https:\\\/\\\/keskintestere.com\\\/#\\\/schema\\\/logo\\\/image\\\/\",\"url\":\"https:\\\/\\\/keskintestere.com\\\/wp-content\\\/uploads\\\/cropped-finish-keskin-testere-favicon.png\",\"contentUrl\":\"https:\\\/\\\/keskintestere.com\\\/wp-content\\\/uploads\\\/cropped-finish-keskin-testere-favicon.png\",\"width\":512,\"height\":512,\"caption\":\"Keskin Testere\"},\"image\":{\"@id\":\"https:\\\/\\\/keskintestere.com\\\/#\\\/schema\\\/logo\\\/image\\\/\"},\"sameAs\":[\"https:\\\/\\\/www.facebook.com\\\/finishtestere\\\/\",\"https:\\\/\\\/www.youtube.com\\\/user\\\/keskintestere1\"]}]}<\/script>\n<!-- \/ Yoast SEO Premium plugin. -->","yoast_head_json":{"title":"COMPOSITE PANEL SAW BLADES | Keskin Testere Tak\u0131m ve End\u00fcstri B\u0131\u00e7aklar\u0131","robots":{"index":"index","follow":"follow","max-snippet":"max-snippet:-1","max-image-preview":"max-image-preview:large","max-video-preview":"max-video-preview:-1"},"canonical":"https:\/\/keskintestere.com\/en\/composite-panel-saw-blades\/","og_locale":"en_US","og_type":"article","og_title":"COMPOSITE PANEL SAW BLADES","og_url":"https:\/\/keskintestere.com\/en\/composite-panel-saw-blades\/","og_site_name":"Keskin Testere Tak\u0131m ve End\u00fcstri B\u0131\u00e7aklar\u0131","article_publisher":"https:\/\/www.facebook.com\/finishtestere\/","article_modified_time":"2022-06-20T07:45:05+00:00","twitter_card":"summary_large_image","schema":{"@context":"https:\/\/schema.org","@graph":[{"@type":"WebPage","@id":"https:\/\/keskintestere.com\/en\/composite-panel-saw-blades\/","url":"https:\/\/keskintestere.com\/en\/composite-panel-saw-blades\/","name":"COMPOSITE PANEL SAW BLADES | Keskin Testere Tak\u0131m ve End\u00fcstri B\u0131\u00e7aklar\u0131","isPartOf":{"@id":"https:\/\/keskintestere.com\/#website"},"datePublished":"2022-06-20T07:44:18+00:00","dateModified":"2022-06-20T07:45:05+00:00","breadcrumb":{"@id":"https:\/\/keskintestere.com\/en\/composite-panel-saw-blades\/#breadcrumb"},"inLanguage":"en-US","potentialAction":[{"@type":"ReadAction","target":["https:\/\/keskintestere.com\/en\/composite-panel-saw-blades\/"]}]},{"@type":"BreadcrumbList","@id":"https:\/\/keskintestere.com\/en\/composite-panel-saw-blades\/#breadcrumb","itemListElement":[{"@type":"ListItem","position":1,"name":"Home","item":"https:\/\/keskintestere.com\/en\/"},{"@type":"ListItem","position":2,"name":"COMPOSITE PANEL SAW BLADES"}]},{"@type":"WebSite","@id":"https:\/\/keskintestere.com\/#website","url":"https:\/\/keskintestere.com\/","name":"Keskin Testere Tak\u0131m ve End\u00fcstri B\u0131\u00e7aklar\u0131","description":"keskintestere.com","publisher":{"@id":"https:\/\/keskintestere.com\/#organization"},"potentialAction":[{"@type":"SearchAction","target":{"@type":"EntryPoint","urlTemplate":"https:\/\/keskintestere.com\/?s={search_term_string}"},"query-input":{"@type":"PropertyValueSpecification","valueRequired":true,"valueName":"search_term_string"}}],"inLanguage":"en-US"},{"@type":"Organization","@id":"https:\/\/keskintestere.com\/#organization","name":"Keskin Testere","url":"https:\/\/keskintestere.com\/","logo":{"@type":"ImageObject","inLanguage":"en-US","@id":"https:\/\/keskintestere.com\/#\/schema\/logo\/image\/","url":"https:\/\/keskintestere.com\/wp-content\/uploads\/cropped-finish-keskin-testere-favicon.png","contentUrl":"https:\/\/keskintestere.com\/wp-content\/uploads\/cropped-finish-keskin-testere-favicon.png","width":512,"height":512,"caption":"Keskin Testere"},"image":{"@id":"https:\/\/keskintestere.com\/#\/schema\/logo\/image\/"},"sameAs":["https:\/\/www.facebook.com\/finishtestere\/","https:\/\/www.youtube.com\/user\/keskintestere1"]}]}},"_links":{"self":[{"href":"https:\/\/keskintestere.com\/en\/wp-json\/wp\/v2\/pages\/967","targetHints":{"allow":["GET"]}}],"collection":[{"href":"https:\/\/keskintestere.com\/en\/wp-json\/wp\/v2\/pages"}],"about":[{"href":"https:\/\/keskintestere.com\/en\/wp-json\/wp\/v2\/types\/page"}],"author":[{"embeddable":true,"href":"https:\/\/keskintestere.com\/en\/wp-json\/wp\/v2\/users\/1"}],"replies":[{"embeddable":true,"href":"https:\/\/keskintestere.com\/en\/wp-json\/wp\/v2\/comments?post=967"}],"version-history":[{"count":0,"href":"https:\/\/keskintestere.com\/en\/wp-json\/wp\/v2\/pages\/967\/revisions"}],"wp:attachment":[{"href":"https:\/\/keskintestere.com\/en\/wp-json\/wp\/v2\/media?parent=967"}],"curies":[{"name":"wp","href":"https:\/\/api.w.org\/{rel}","templated":true}]}}