{"id":569,"date":"2022-03-22T15:35:29","date_gmt":"2022-03-22T15:35:29","guid":{"rendered":"https:\/\/keskintestere.com\/saw-selection\/"},"modified":"2022-03-22T15:35:29","modified_gmt":"2022-03-22T15:35:29","slug":"saw-selection","status":"publish","type":"page","link":"https:\/\/keskintestere.com\/en\/saw-selection\/","title":{"rendered":"Saw Selection"},"content":{"rendered":"\n          \n          \n\n          <p>How to Choose a Saw?<br>icon<br><br><img decoding=\"async\" src=\"https:\/\/keskintestere.com\/wp-content\/uploads\/tablo5.png\" alt=\"tablo5\"><br>full<br><br>The maximum speed of the saw blade should be adjusted according to the cutting diameter and plate. Tablol&#8217;e bak\u0131n. If the speed is higher than the data, it will affect the performance and shorten the cutting life of the blade. Di\u015flerin \u00fcst\u00fcnden daha y\u00fcksek olmal\u0131, resim 1&#8217;e bak\u0131n\u0131z. Much or less degrades the quality of the blade. The number of working teeth should be 3 or 4. Resim 2&#8217;ye bak\u0131n. If it is less than 3, it will cause vibration and a smooth cutting face cannot be obtained. If you want to cut thinner stock with longer cutting life for the same diameter blade, choose the larger number of tooth blades.<br>no-repeat;left top;;<br>auto<br><br><img decoding=\"async\" src=\"https:\/\/keskintestere.com\/wp-content\/uploads\/tablo2.png\" alt=\"tablo2\"><br>full<br><br><img decoding=\"async\" src=\"https:\/\/keskintestere.com\/wp-content\/uploads\/tablo3.png\" alt=\"tablo3\"><br>full<br><br><\/p>\n          \n\n          \n        ","protected":false},"excerpt":{"rendered":"<p>How to Choose a Saw?icon full The maximum speed of the saw blade should be adjusted according to the cutting diameter and plate. Tablol&#8217;e bak\u0131n. If<span class=\"excerpt-hellip\"> [\u2026]<\/span><\/p>\n","protected":false},"author":2,"featured_media":0,"parent":0,"menu_order":0,"comment_status":"closed","ping_status":"closed","template":"","meta":{"footnotes":""},"class_list":["post-569","page","type-page","status-publish","hentry"],"yoast_head":"<!-- This site is optimized with the Yoast SEO Premium plugin v25.2 (Yoast SEO v27.3) - https:\/\/yoast.com\/product\/yoast-seo-premium-wordpress\/ -->\n<title>Saw Selection | Keskin Testere Tak\u0131m ve End\u00fcstri B\u0131\u00e7aklar\u0131<\/title>\n<meta name=\"robots\" content=\"index, follow, max-snippet:-1, max-image-preview:large, max-video-preview:-1\" \/>\n<link rel=\"canonical\" href=\"https:\/\/keskintestere.com\/en\/saw-selection\/\" \/>\n<meta property=\"og:locale\" content=\"en_US\" \/>\n<meta property=\"og:type\" content=\"article\" \/>\n<meta property=\"og:title\" content=\"Saw Selection\" \/>\n<meta property=\"og:description\" content=\"How to Choose a Saw?icon full The maximum speed of the saw blade should be adjusted according to the cutting diameter and plate. Tablol&#8217;e bak\u0131n. If [\u2026]\" \/>\n<meta property=\"og:url\" content=\"https:\/\/keskintestere.com\/en\/saw-selection\/\" \/>\n<meta property=\"og:site_name\" content=\"Keskin Testere Tak\u0131m ve End\u00fcstri B\u0131\u00e7aklar\u0131\" \/>\n<meta property=\"article:publisher\" content=\"https:\/\/www.facebook.com\/finishtestere\/\" \/>\n<meta property=\"og:image\" content=\"https:\/\/keskintestere.com\/wp-content\/uploads\/tablo5.png\" \/>\n<meta name=\"twitter:card\" content=\"summary_large_image\" \/>\n<meta name=\"twitter:label1\" content=\"Est. reading time\" \/>\n\t<meta name=\"twitter:data1\" content=\"1 minute\" \/>\n<script type=\"application\/ld+json\" class=\"yoast-schema-graph\">{\"@context\":\"https:\\\/\\\/schema.org\",\"@graph\":[{\"@type\":\"WebPage\",\"@id\":\"https:\\\/\\\/keskintestere.com\\\/en\\\/saw-selection\\\/\",\"url\":\"https:\\\/\\\/keskintestere.com\\\/en\\\/saw-selection\\\/\",\"name\":\"Saw Selection | Keskin Testere Tak\u0131m ve End\u00fcstri B\u0131\u00e7aklar\u0131\",\"isPartOf\":{\"@id\":\"https:\\\/\\\/keskintestere.com\\\/#website\"},\"primaryImageOfPage\":{\"@id\":\"https:\\\/\\\/keskintestere.com\\\/en\\\/saw-selection\\\/#primaryimage\"},\"image\":{\"@id\":\"https:\\\/\\\/keskintestere.com\\\/en\\\/saw-selection\\\/#primaryimage\"},\"thumbnailUrl\":\"https:\\\/\\\/keskintestere.com\\\/wp-content\\\/uploads\\\/tablo5.png\",\"datePublished\":\"2022-03-22T15:35:29+00:00\",\"breadcrumb\":{\"@id\":\"https:\\\/\\\/keskintestere.com\\\/en\\\/saw-selection\\\/#breadcrumb\"},\"inLanguage\":\"en-US\",\"potentialAction\":[{\"@type\":\"ReadAction\",\"target\":[\"https:\\\/\\\/keskintestere.com\\\/en\\\/saw-selection\\\/\"]}]},{\"@type\":\"ImageObject\",\"inLanguage\":\"en-US\",\"@id\":\"https:\\\/\\\/keskintestere.com\\\/en\\\/saw-selection\\\/#primaryimage\",\"url\":\"https:\\\/\\\/keskintestere.com\\\/wp-content\\\/uploads\\\/tablo5.png\",\"contentUrl\":\"https:\\\/\\\/keskintestere.com\\\/wp-content\\\/uploads\\\/tablo5.png\"},{\"@type\":\"BreadcrumbList\",\"@id\":\"https:\\\/\\\/keskintestere.com\\\/en\\\/saw-selection\\\/#breadcrumb\",\"itemListElement\":[{\"@type\":\"ListItem\",\"position\":1,\"name\":\"Home\",\"item\":\"https:\\\/\\\/keskintestere.com\\\/en\\\/\"},{\"@type\":\"ListItem\",\"position\":2,\"name\":\"Saw Selection\"}]},{\"@type\":\"WebSite\",\"@id\":\"https:\\\/\\\/keskintestere.com\\\/#website\",\"url\":\"https:\\\/\\\/keskintestere.com\\\/\",\"name\":\"Keskin Testere Tak\u0131m ve End\u00fcstri B\u0131\u00e7aklar\u0131\",\"description\":\"keskintestere.com\",\"publisher\":{\"@id\":\"https:\\\/\\\/keskintestere.com\\\/#organization\"},\"potentialAction\":[{\"@type\":\"SearchAction\",\"target\":{\"@type\":\"EntryPoint\",\"urlTemplate\":\"https:\\\/\\\/keskintestere.com\\\/?s={search_term_string}\"},\"query-input\":{\"@type\":\"PropertyValueSpecification\",\"valueRequired\":true,\"valueName\":\"search_term_string\"}}],\"inLanguage\":\"en-US\"},{\"@type\":\"Organization\",\"@id\":\"https:\\\/\\\/keskintestere.com\\\/#organization\",\"name\":\"Keskin Testere\",\"url\":\"https:\\\/\\\/keskintestere.com\\\/\",\"logo\":{\"@type\":\"ImageObject\",\"inLanguage\":\"en-US\",\"@id\":\"https:\\\/\\\/keskintestere.com\\\/#\\\/schema\\\/logo\\\/image\\\/\",\"url\":\"https:\\\/\\\/keskintestere.com\\\/wp-content\\\/uploads\\\/cropped-finish-keskin-testere-favicon.png\",\"contentUrl\":\"https:\\\/\\\/keskintestere.com\\\/wp-content\\\/uploads\\\/cropped-finish-keskin-testere-favicon.png\",\"width\":512,\"height\":512,\"caption\":\"Keskin Testere\"},\"image\":{\"@id\":\"https:\\\/\\\/keskintestere.com\\\/#\\\/schema\\\/logo\\\/image\\\/\"},\"sameAs\":[\"https:\\\/\\\/www.facebook.com\\\/finishtestere\\\/\",\"https:\\\/\\\/www.youtube.com\\\/user\\\/keskintestere1\"]}]}<\/script>\n<!-- \/ Yoast SEO Premium plugin. -->","yoast_head_json":{"title":"Saw Selection | Keskin Testere Tak\u0131m ve End\u00fcstri B\u0131\u00e7aklar\u0131","robots":{"index":"index","follow":"follow","max-snippet":"max-snippet:-1","max-image-preview":"max-image-preview:large","max-video-preview":"max-video-preview:-1"},"canonical":"https:\/\/keskintestere.com\/en\/saw-selection\/","og_locale":"en_US","og_type":"article","og_title":"Saw Selection","og_description":"How to Choose a Saw?icon full The maximum speed of the saw blade should be adjusted according to the cutting diameter and plate. Tablol&#8217;e bak\u0131n. If [\u2026]","og_url":"https:\/\/keskintestere.com\/en\/saw-selection\/","og_site_name":"Keskin Testere Tak\u0131m ve End\u00fcstri B\u0131\u00e7aklar\u0131","article_publisher":"https:\/\/www.facebook.com\/finishtestere\/","og_image":[{"url":"https:\/\/keskintestere.com\/wp-content\/uploads\/tablo5.png","type":"","width":"","height":""}],"twitter_card":"summary_large_image","twitter_misc":{"Est. reading time":"1 minute"},"schema":{"@context":"https:\/\/schema.org","@graph":[{"@type":"WebPage","@id":"https:\/\/keskintestere.com\/en\/saw-selection\/","url":"https:\/\/keskintestere.com\/en\/saw-selection\/","name":"Saw Selection | Keskin Testere Tak\u0131m ve End\u00fcstri B\u0131\u00e7aklar\u0131","isPartOf":{"@id":"https:\/\/keskintestere.com\/#website"},"primaryImageOfPage":{"@id":"https:\/\/keskintestere.com\/en\/saw-selection\/#primaryimage"},"image":{"@id":"https:\/\/keskintestere.com\/en\/saw-selection\/#primaryimage"},"thumbnailUrl":"https:\/\/keskintestere.com\/wp-content\/uploads\/tablo5.png","datePublished":"2022-03-22T15:35:29+00:00","breadcrumb":{"@id":"https:\/\/keskintestere.com\/en\/saw-selection\/#breadcrumb"},"inLanguage":"en-US","potentialAction":[{"@type":"ReadAction","target":["https:\/\/keskintestere.com\/en\/saw-selection\/"]}]},{"@type":"ImageObject","inLanguage":"en-US","@id":"https:\/\/keskintestere.com\/en\/saw-selection\/#primaryimage","url":"https:\/\/keskintestere.com\/wp-content\/uploads\/tablo5.png","contentUrl":"https:\/\/keskintestere.com\/wp-content\/uploads\/tablo5.png"},{"@type":"BreadcrumbList","@id":"https:\/\/keskintestere.com\/en\/saw-selection\/#breadcrumb","itemListElement":[{"@type":"ListItem","position":1,"name":"Home","item":"https:\/\/keskintestere.com\/en\/"},{"@type":"ListItem","position":2,"name":"Saw Selection"}]},{"@type":"WebSite","@id":"https:\/\/keskintestere.com\/#website","url":"https:\/\/keskintestere.com\/","name":"Keskin Testere Tak\u0131m ve End\u00fcstri B\u0131\u00e7aklar\u0131","description":"keskintestere.com","publisher":{"@id":"https:\/\/keskintestere.com\/#organization"},"potentialAction":[{"@type":"SearchAction","target":{"@type":"EntryPoint","urlTemplate":"https:\/\/keskintestere.com\/?s={search_term_string}"},"query-input":{"@type":"PropertyValueSpecification","valueRequired":true,"valueName":"search_term_string"}}],"inLanguage":"en-US"},{"@type":"Organization","@id":"https:\/\/keskintestere.com\/#organization","name":"Keskin Testere","url":"https:\/\/keskintestere.com\/","logo":{"@type":"ImageObject","inLanguage":"en-US","@id":"https:\/\/keskintestere.com\/#\/schema\/logo\/image\/","url":"https:\/\/keskintestere.com\/wp-content\/uploads\/cropped-finish-keskin-testere-favicon.png","contentUrl":"https:\/\/keskintestere.com\/wp-content\/uploads\/cropped-finish-keskin-testere-favicon.png","width":512,"height":512,"caption":"Keskin Testere"},"image":{"@id":"https:\/\/keskintestere.com\/#\/schema\/logo\/image\/"},"sameAs":["https:\/\/www.facebook.com\/finishtestere\/","https:\/\/www.youtube.com\/user\/keskintestere1"]}]}},"_links":{"self":[{"href":"https:\/\/keskintestere.com\/en\/wp-json\/wp\/v2\/pages\/569","targetHints":{"allow":["GET"]}}],"collection":[{"href":"https:\/\/keskintestere.com\/en\/wp-json\/wp\/v2\/pages"}],"about":[{"href":"https:\/\/keskintestere.com\/en\/wp-json\/wp\/v2\/types\/page"}],"author":[{"embeddable":true,"href":"https:\/\/keskintestere.com\/en\/wp-json\/wp\/v2\/users\/2"}],"replies":[{"embeddable":true,"href":"https:\/\/keskintestere.com\/en\/wp-json\/wp\/v2\/comments?post=569"}],"version-history":[{"count":0,"href":"https:\/\/keskintestere.com\/en\/wp-json\/wp\/v2\/pages\/569\/revisions"}],"wp:attachment":[{"href":"https:\/\/keskintestere.com\/en\/wp-json\/wp\/v2\/media?parent=569"}],"curies":[{"name":"wp","href":"https:\/\/api.w.org\/{rel}","templated":true}]}}