{"id":568,"date":"2022-03-22T15:33:09","date_gmt":"2022-03-22T15:33:09","guid":{"rendered":"https:\/\/keskintestere.com\/saw-usage\/"},"modified":"2022-03-22T15:33:09","modified_gmt":"2022-03-22T15:33:09","slug":"saw-usage","status":"publish","type":"page","link":"https:\/\/keskintestere.com\/en\/saw-usage\/","title":{"rendered":"Saw Usage"},"content":{"rendered":"\n          \n          \n\n          <p>How should the saw be used?<br>icon<br><br>no-repeat;left top;;<br>auto<br><br><img decoding=\"async\" src=\"https:\/\/keskintestere.com\/wp-content\/uploads\/8122867.jpg\" alt=\"_8122867\"><br>full<br><br><\/p>\n          \n\n          \n        ","protected":false},"excerpt":{"rendered":"<p>How should the saw be used?icon no-repeat;left top;;auto full<\/p>\n","protected":false},"author":2,"featured_media":0,"parent":0,"menu_order":0,"comment_status":"closed","ping_status":"closed","template":"","meta":{"footnotes":""},"class_list":["post-568","page","type-page","status-publish","hentry"],"yoast_head":"<!-- This site is optimized with the Yoast SEO Premium plugin v25.2 (Yoast SEO v27.3) - https:\/\/yoast.com\/product\/yoast-seo-premium-wordpress\/ -->\n<title>Saw Usage | Keskin Testere Tak\u0131m ve End\u00fcstri B\u0131\u00e7aklar\u0131<\/title>\n<meta name=\"robots\" content=\"index, follow, max-snippet:-1, max-image-preview:large, max-video-preview:-1\" \/>\n<link rel=\"canonical\" href=\"https:\/\/keskintestere.com\/en\/saw-usage\/\" \/>\n<meta property=\"og:locale\" content=\"en_US\" \/>\n<meta property=\"og:type\" content=\"article\" \/>\n<meta property=\"og:title\" content=\"Saw Usage\" \/>\n<meta property=\"og:description\" content=\"How should the saw be used?icon no-repeat;left top;;auto full\" \/>\n<meta property=\"og:url\" content=\"https:\/\/keskintestere.com\/en\/saw-usage\/\" \/>\n<meta property=\"og:site_name\" content=\"Keskin Testere Tak\u0131m ve End\u00fcstri B\u0131\u00e7aklar\u0131\" \/>\n<meta property=\"article:publisher\" content=\"https:\/\/www.facebook.com\/finishtestere\/\" \/>\n<meta property=\"og:image\" content=\"https:\/\/keskintestere.com\/wp-content\/uploads\/8122867.jpg\" \/>\n<meta name=\"twitter:card\" content=\"summary_large_image\" \/>\n<script type=\"application\/ld+json\" class=\"yoast-schema-graph\">{\"@context\":\"https:\\\/\\\/schema.org\",\"@graph\":[{\"@type\":\"WebPage\",\"@id\":\"https:\\\/\\\/keskintestere.com\\\/en\\\/saw-usage\\\/\",\"url\":\"https:\\\/\\\/keskintestere.com\\\/en\\\/saw-usage\\\/\",\"name\":\"Saw Usage | Keskin Testere Tak\u0131m ve End\u00fcstri B\u0131\u00e7aklar\u0131\",\"isPartOf\":{\"@id\":\"https:\\\/\\\/keskintestere.com\\\/#website\"},\"primaryImageOfPage\":{\"@id\":\"https:\\\/\\\/keskintestere.com\\\/en\\\/saw-usage\\\/#primaryimage\"},\"image\":{\"@id\":\"https:\\\/\\\/keskintestere.com\\\/en\\\/saw-usage\\\/#primaryimage\"},\"thumbnailUrl\":\"https:\\\/\\\/keskintestere.com\\\/wp-content\\\/uploads\\\/8122867.jpg\",\"datePublished\":\"2022-03-22T15:33:09+00:00\",\"breadcrumb\":{\"@id\":\"https:\\\/\\\/keskintestere.com\\\/en\\\/saw-usage\\\/#breadcrumb\"},\"inLanguage\":\"en-US\",\"potentialAction\":[{\"@type\":\"ReadAction\",\"target\":[\"https:\\\/\\\/keskintestere.com\\\/en\\\/saw-usage\\\/\"]}]},{\"@type\":\"ImageObject\",\"inLanguage\":\"en-US\",\"@id\":\"https:\\\/\\\/keskintestere.com\\\/en\\\/saw-usage\\\/#primaryimage\",\"url\":\"https:\\\/\\\/keskintestere.com\\\/wp-content\\\/uploads\\\/8122867.jpg\",\"contentUrl\":\"https:\\\/\\\/keskintestere.com\\\/wp-content\\\/uploads\\\/8122867.jpg\"},{\"@type\":\"BreadcrumbList\",\"@id\":\"https:\\\/\\\/keskintestere.com\\\/en\\\/saw-usage\\\/#breadcrumb\",\"itemListElement\":[{\"@type\":\"ListItem\",\"position\":1,\"name\":\"Home\",\"item\":\"https:\\\/\\\/keskintestere.com\\\/en\\\/\"},{\"@type\":\"ListItem\",\"position\":2,\"name\":\"Saw Usage\"}]},{\"@type\":\"WebSite\",\"@id\":\"https:\\\/\\\/keskintestere.com\\\/#website\",\"url\":\"https:\\\/\\\/keskintestere.com\\\/\",\"name\":\"Keskin Testere Tak\u0131m ve End\u00fcstri B\u0131\u00e7aklar\u0131\",\"description\":\"keskintestere.com\",\"publisher\":{\"@id\":\"https:\\\/\\\/keskintestere.com\\\/#organization\"},\"potentialAction\":[{\"@type\":\"SearchAction\",\"target\":{\"@type\":\"EntryPoint\",\"urlTemplate\":\"https:\\\/\\\/keskintestere.com\\\/?s={search_term_string}\"},\"query-input\":{\"@type\":\"PropertyValueSpecification\",\"valueRequired\":true,\"valueName\":\"search_term_string\"}}],\"inLanguage\":\"en-US\"},{\"@type\":\"Organization\",\"@id\":\"https:\\\/\\\/keskintestere.com\\\/#organization\",\"name\":\"Keskin Testere\",\"url\":\"https:\\\/\\\/keskintestere.com\\\/\",\"logo\":{\"@type\":\"ImageObject\",\"inLanguage\":\"en-US\",\"@id\":\"https:\\\/\\\/keskintestere.com\\\/#\\\/schema\\\/logo\\\/image\\\/\",\"url\":\"https:\\\/\\\/keskintestere.com\\\/wp-content\\\/uploads\\\/cropped-finish-keskin-testere-favicon.png\",\"contentUrl\":\"https:\\\/\\\/keskintestere.com\\\/wp-content\\\/uploads\\\/cropped-finish-keskin-testere-favicon.png\",\"width\":512,\"height\":512,\"caption\":\"Keskin Testere\"},\"image\":{\"@id\":\"https:\\\/\\\/keskintestere.com\\\/#\\\/schema\\\/logo\\\/image\\\/\"},\"sameAs\":[\"https:\\\/\\\/www.facebook.com\\\/finishtestere\\\/\",\"https:\\\/\\\/www.youtube.com\\\/user\\\/keskintestere1\"]}]}<\/script>\n<!-- \/ Yoast SEO Premium plugin. -->","yoast_head_json":{"title":"Saw Usage | Keskin Testere Tak\u0131m ve End\u00fcstri B\u0131\u00e7aklar\u0131","robots":{"index":"index","follow":"follow","max-snippet":"max-snippet:-1","max-image-preview":"max-image-preview:large","max-video-preview":"max-video-preview:-1"},"canonical":"https:\/\/keskintestere.com\/en\/saw-usage\/","og_locale":"en_US","og_type":"article","og_title":"Saw Usage","og_description":"How should the saw be used?icon no-repeat;left top;;auto full","og_url":"https:\/\/keskintestere.com\/en\/saw-usage\/","og_site_name":"Keskin Testere Tak\u0131m ve End\u00fcstri B\u0131\u00e7aklar\u0131","article_publisher":"https:\/\/www.facebook.com\/finishtestere\/","og_image":[{"url":"https:\/\/keskintestere.com\/wp-content\/uploads\/8122867.jpg","type":"","width":"","height":""}],"twitter_card":"summary_large_image","schema":{"@context":"https:\/\/schema.org","@graph":[{"@type":"WebPage","@id":"https:\/\/keskintestere.com\/en\/saw-usage\/","url":"https:\/\/keskintestere.com\/en\/saw-usage\/","name":"Saw Usage | Keskin Testere Tak\u0131m ve End\u00fcstri B\u0131\u00e7aklar\u0131","isPartOf":{"@id":"https:\/\/keskintestere.com\/#website"},"primaryImageOfPage":{"@id":"https:\/\/keskintestere.com\/en\/saw-usage\/#primaryimage"},"image":{"@id":"https:\/\/keskintestere.com\/en\/saw-usage\/#primaryimage"},"thumbnailUrl":"https:\/\/keskintestere.com\/wp-content\/uploads\/8122867.jpg","datePublished":"2022-03-22T15:33:09+00:00","breadcrumb":{"@id":"https:\/\/keskintestere.com\/en\/saw-usage\/#breadcrumb"},"inLanguage":"en-US","potentialAction":[{"@type":"ReadAction","target":["https:\/\/keskintestere.com\/en\/saw-usage\/"]}]},{"@type":"ImageObject","inLanguage":"en-US","@id":"https:\/\/keskintestere.com\/en\/saw-usage\/#primaryimage","url":"https:\/\/keskintestere.com\/wp-content\/uploads\/8122867.jpg","contentUrl":"https:\/\/keskintestere.com\/wp-content\/uploads\/8122867.jpg"},{"@type":"BreadcrumbList","@id":"https:\/\/keskintestere.com\/en\/saw-usage\/#breadcrumb","itemListElement":[{"@type":"ListItem","position":1,"name":"Home","item":"https:\/\/keskintestere.com\/en\/"},{"@type":"ListItem","position":2,"name":"Saw Usage"}]},{"@type":"WebSite","@id":"https:\/\/keskintestere.com\/#website","url":"https:\/\/keskintestere.com\/","name":"Keskin Testere Tak\u0131m ve End\u00fcstri B\u0131\u00e7aklar\u0131","description":"keskintestere.com","publisher":{"@id":"https:\/\/keskintestere.com\/#organization"},"potentialAction":[{"@type":"SearchAction","target":{"@type":"EntryPoint","urlTemplate":"https:\/\/keskintestere.com\/?s={search_term_string}"},"query-input":{"@type":"PropertyValueSpecification","valueRequired":true,"valueName":"search_term_string"}}],"inLanguage":"en-US"},{"@type":"Organization","@id":"https:\/\/keskintestere.com\/#organization","name":"Keskin Testere","url":"https:\/\/keskintestere.com\/","logo":{"@type":"ImageObject","inLanguage":"en-US","@id":"https:\/\/keskintestere.com\/#\/schema\/logo\/image\/","url":"https:\/\/keskintestere.com\/wp-content\/uploads\/cropped-finish-keskin-testere-favicon.png","contentUrl":"https:\/\/keskintestere.com\/wp-content\/uploads\/cropped-finish-keskin-testere-favicon.png","width":512,"height":512,"caption":"Keskin Testere"},"image":{"@id":"https:\/\/keskintestere.com\/#\/schema\/logo\/image\/"},"sameAs":["https:\/\/www.facebook.com\/finishtestere\/","https:\/\/www.youtube.com\/user\/keskintestere1"]}]}},"_links":{"self":[{"href":"https:\/\/keskintestere.com\/en\/wp-json\/wp\/v2\/pages\/568","targetHints":{"allow":["GET"]}}],"collection":[{"href":"https:\/\/keskintestere.com\/en\/wp-json\/wp\/v2\/pages"}],"about":[{"href":"https:\/\/keskintestere.com\/en\/wp-json\/wp\/v2\/types\/page"}],"author":[{"embeddable":true,"href":"https:\/\/keskintestere.com\/en\/wp-json\/wp\/v2\/users\/2"}],"replies":[{"embeddable":true,"href":"https:\/\/keskintestere.com\/en\/wp-json\/wp\/v2\/comments?post=568"}],"version-history":[{"count":0,"href":"https:\/\/keskintestere.com\/en\/wp-json\/wp\/v2\/pages\/568\/revisions"}],"wp:attachment":[{"href":"https:\/\/keskintestere.com\/en\/wp-json\/wp\/v2\/media?parent=568"}],"curies":[{"name":"wp","href":"https:\/\/api.w.org\/{rel}","templated":true}]}}